{"id":657,"date":"2019-11-07T15:56:14","date_gmt":"2019-11-07T15:56:14","guid":{"rendered":"https:\/\/bovisa.es\/vaches-nourrices\/"},"modified":"2020-10-28T09:57:52","modified_gmt":"2020-10-28T09:57:52","slug":"vaches-nourrices","status":"publish","type":"page","link":"https:\/\/bovisa.es\/fr\/vaches-nourrices\/","title":{"rendered":"Vaches Nourrices"},"content":{"rendered":"\t\t<div data-elementor-type=\"wp-page\" data-elementor-id=\"657\" class=\"elementor elementor-657\">\n\t\t\t\t\t\t<section class=\"elementor-section elementor-top-section elementor-element elementor-element-8d95003 elementor-section-boxed elementor-section-height-default elementor-section-height-default\" data-id=\"8d95003\" data-element_type=\"section\" data-e-type=\"section\" data-settings=\"{&quot;background_background&quot;:&quot;classic&quot;}\">\n\t\t\t\t\t\t\t<div class=\"elementor-background-overlay\"><\/div>\n\t\t\t\t\t\t\t<div class=\"elementor-container elementor-column-gap-default\">\n\t\t\t\t\t<div class=\"elementor-column elementor-col-100 elementor-top-column elementor-element elementor-element-3e916f0\" data-id=\"3e916f0\" data-element_type=\"column\" data-e-type=\"column\">\n\t\t\t<div class=\"elementor-widget-wrap elementor-element-populated\">\n\t\t\t\t\t\t<div class=\"elementor-element elementor-element-0b8ddb7 elementor-widget elementor-widget-heading\" data-id=\"0b8ddb7\" data-element_type=\"widget\" data-e-type=\"widget\" data-widget_type=\"heading.default\">\n\t\t\t\t<div class=\"elementor-widget-container\">\n\t\t\t\t\t<h2 class=\"elementor-heading-title elementor-size-default\">Vaches nourrices<\/h2>\t\t\t\t<\/div>\n\t\t\t\t<\/div>\n\t\t\t\t<div class=\"elementor-element elementor-element-7a72f69 elementor-widget elementor-widget-text-editor\" data-id=\"7a72f69\" data-element_type=\"widget\" data-e-type=\"widget\" data-widget_type=\"text-editor.default\">\n\t\t\t\t<div class=\"elementor-widget-container\">\n\t\t\t\t\t\t\t\t\t<p>Afin de perfectionner nos engraissements, plus de 1.400 vaches s\u00e9lectionn\u00e9es des races Limousine et m\u00e9langes s\u00e9lectionn\u00e9s paissent dans nos exploitations du centre et du sud de l\u2019Espagne.<\/p>\n\t\t\t\t\t\t\t\t<\/div>\n\t\t\t\t<\/div>\n\t\t\t\t\t<\/div>\n\t\t<\/div>\n\t\t\t\t\t<\/div>\n\t\t<\/section>\n\t\t\t\t<section class=\"elementor-section elementor-top-section elementor-element elementor-element-cd6a4d6 elementor-section-boxed elementor-section-height-default elementor-section-height-default\" data-id=\"cd6a4d6\" data-element_type=\"section\" data-e-type=\"section\">\n\t\t\t\t\t\t<div class=\"elementor-container elementor-column-gap-default\">\n\t\t\t\t\t<div class=\"elementor-column elementor-col-100 elementor-top-column elementor-element elementor-element-6776482\" data-id=\"6776482\" data-element_type=\"column\" data-e-type=\"column\">\n\t\t\t<div class=\"elementor-widget-wrap elementor-element-populated\">\n\t\t\t\t\t\t<div class=\"elementor-element elementor-element-a0a9d75 elementor-arrows-position-inside elementor-pagination-position-outside elementor-widget elementor-widget-image-carousel\" data-id=\"a0a9d75\" data-element_type=\"widget\" data-e-type=\"widget\" data-settings=\"{&quot;slides_to_show&quot;:&quot;4&quot;,&quot;navigation&quot;:&quot;both&quot;,&quot;autoplay&quot;:&quot;yes&quot;,&quot;pause_on_hover&quot;:&quot;yes&quot;,&quot;pause_on_interaction&quot;:&quot;yes&quot;,&quot;autoplay_speed&quot;:5000,&quot;infinite&quot;:&quot;yes&quot;,&quot;speed&quot;:500,&quot;image_spacing_custom&quot;:{&quot;unit&quot;:&quot;px&quot;,&quot;size&quot;:20,&quot;sizes&quot;:[]},&quot;image_spacing_custom_tablet&quot;:{&quot;unit&quot;:&quot;px&quot;,&quot;size&quot;:&quot;&quot;,&quot;sizes&quot;:[]},&quot;image_spacing_custom_mobile&quot;:{&quot;unit&quot;:&quot;px&quot;,&quot;size&quot;:&quot;&quot;,&quot;sizes&quot;:[]}}\" data-widget_type=\"image-carousel.default\">\n\t\t\t\t<div class=\"elementor-widget-container\">\n\t\t\t\t\t\t\t<div class=\"elementor-image-carousel-wrapper swiper\" role=\"region\" aria-roledescription=\"carousel\" aria-label=\"Carrousel d\u2019images\" dir=\"ltr\">\n\t\t\t<div class=\"elementor-image-carousel swiper-wrapper\" aria-live=\"off\">\n\t\t\t\t\t\t\t\t<div class=\"swiper-slide\" role=\"group\" aria-roledescription=\"slide\" aria-label=\"1 of 5\"><a data-elementor-open-lightbox=\"yes\" data-elementor-lightbox-slideshow=\"a0a9d75\" data-elementor-lightbox-title=\"vacas-cria-2000x1500\" data-e-action-hash=\"#elementor-action%3Aaction%3Dlightbox%26settings%3DeyJpZCI6NjUwLCJ1cmwiOiJodHRwczpcL1wvYm92aXNhLmVzXC93cC1jb250ZW50XC91cGxvYWRzXC8yMDE5XC8xMVwvdmFjYXMtY3JpYS0yMDAweDE1MDAuanBnIiwic2xpZGVzaG93IjoiYTBhOWQ3NSJ9\" href=\"https:\/\/bovisa.es\/wp-content\/uploads\/2019\/11\/vacas-cria-2000x1500.jpg\"><figure class=\"swiper-slide-inner\"><img decoding=\"async\" class=\"swiper-slide-image\" src=\"https:\/\/bovisa.es\/wp-content\/uploads\/2019\/11\/vacas-cria-2000x1500.jpg\" alt=\"vacas-cria-2000x1500\" \/><\/figure><\/a><\/div><div class=\"swiper-slide\" role=\"group\" aria-roledescription=\"slide\" aria-label=\"2 of 5\"><a data-elementor-open-lightbox=\"yes\" data-elementor-lightbox-slideshow=\"a0a9d75\" data-elementor-lightbox-title=\"vacas-cria1-2000x1500\" data-e-action-hash=\"#elementor-action%3Aaction%3Dlightbox%26settings%3DeyJpZCI6NjQ2LCJ1cmwiOiJodHRwczpcL1wvYm92aXNhLmVzXC93cC1jb250ZW50XC91cGxvYWRzXC8yMDE5XC8xMVwvdmFjYXMtY3JpYTEtMjAwMHgxNTAwLmpwZyIsInNsaWRlc2hvdyI6ImEwYTlkNzUifQ%3D%3D\" href=\"https:\/\/bovisa.es\/wp-content\/uploads\/2019\/11\/vacas-cria1-2000x1500.jpg\"><figure class=\"swiper-slide-inner\"><img decoding=\"async\" class=\"swiper-slide-image\" src=\"https:\/\/bovisa.es\/wp-content\/uploads\/2019\/11\/vacas-cria1-2000x1500.jpg\" alt=\"vacas-cria1-2000x1500\" \/><\/figure><\/a><\/div><div class=\"swiper-slide\" role=\"group\" aria-roledescription=\"slide\" aria-label=\"3 of 5\"><a data-elementor-open-lightbox=\"yes\" data-elementor-lightbox-slideshow=\"a0a9d75\" data-elementor-lightbox-title=\"vacas-cria2-2000x1500\" data-e-action-hash=\"#elementor-action%3Aaction%3Dlightbox%26settings%3DeyJpZCI6NjQyLCJ1cmwiOiJodHRwczpcL1wvYm92aXNhLmVzXC93cC1jb250ZW50XC91cGxvYWRzXC8yMDE5XC8xMVwvdmFjYXMtY3JpYTItMjAwMHgxNTAwLmpwZyIsInNsaWRlc2hvdyI6ImEwYTlkNzUifQ%3D%3D\" href=\"https:\/\/bovisa.es\/wp-content\/uploads\/2019\/11\/vacas-cria2-2000x1500.jpg\"><figure class=\"swiper-slide-inner\"><img decoding=\"async\" class=\"swiper-slide-image\" src=\"https:\/\/bovisa.es\/wp-content\/uploads\/2019\/11\/vacas-cria2-2000x1500.jpg\" alt=\"vacas-cria2-2000x1500\" \/><\/figure><\/a><\/div><div class=\"swiper-slide\" role=\"group\" aria-roledescription=\"slide\" aria-label=\"4 of 5\"><a data-elementor-open-lightbox=\"yes\" data-elementor-lightbox-slideshow=\"a0a9d75\" data-elementor-lightbox-title=\"vacas-cria3-2000x1500\" data-e-action-hash=\"#elementor-action%3Aaction%3Dlightbox%26settings%3DeyJpZCI6NjM4LCJ1cmwiOiJodHRwczpcL1wvYm92aXNhLmVzXC93cC1jb250ZW50XC91cGxvYWRzXC8yMDE5XC8xMVwvdmFjYXMtY3JpYTMtMjAwMHgxNTAwLmpwZyIsInNsaWRlc2hvdyI6ImEwYTlkNzUifQ%3D%3D\" href=\"https:\/\/bovisa.es\/wp-content\/uploads\/2019\/11\/vacas-cria3-2000x1500.jpg\"><figure class=\"swiper-slide-inner\"><img decoding=\"async\" class=\"swiper-slide-image\" src=\"https:\/\/bovisa.es\/wp-content\/uploads\/2019\/11\/vacas-cria3-2000x1500.jpg\" alt=\"vacas-cria3-2000x1500\" \/><\/figure><\/a><\/div><div class=\"swiper-slide\" role=\"group\" aria-roledescription=\"slide\" aria-label=\"5 of 5\"><a data-elementor-open-lightbox=\"yes\" data-elementor-lightbox-slideshow=\"a0a9d75\" data-elementor-lightbox-title=\"vacas-cria5-2000x1500\" data-e-action-hash=\"#elementor-action%3Aaction%3Dlightbox%26settings%3DeyJpZCI6NjM0LCJ1cmwiOiJodHRwczpcL1wvYm92aXNhLmVzXC93cC1jb250ZW50XC91cGxvYWRzXC8yMDE5XC8xMVwvdmFjYXMtY3JpYTUtMjAwMHgxNTAwLmpwZyIsInNsaWRlc2hvdyI6ImEwYTlkNzUifQ%3D%3D\" href=\"https:\/\/bovisa.es\/wp-content\/uploads\/2019\/11\/vacas-cria5-2000x1500.jpg\"><figure class=\"swiper-slide-inner\"><img decoding=\"async\" class=\"swiper-slide-image\" src=\"https:\/\/bovisa.es\/wp-content\/uploads\/2019\/11\/vacas-cria5-2000x1500.jpg\" alt=\"vacas-cria5-2000x1500\" \/><\/figure><\/a><\/div>\t\t\t<\/div>\n\t\t\t\t\t\t\t\t\t\t\t\t<div class=\"elementor-swiper-button elementor-swiper-button-prev\" role=\"button\" tabindex=\"0\">\n\t\t\t\t\t\t<i aria-hidden=\"true\" class=\"eicon-chevron-left\"><\/i>\t\t\t\t\t<\/div>\n\t\t\t\t\t<div class=\"elementor-swiper-button elementor-swiper-button-next\" role=\"button\" tabindex=\"0\">\n\t\t\t\t\t\t<i aria-hidden=\"true\" class=\"eicon-chevron-right\"><\/i>\t\t\t\t\t<\/div>\n\t\t\t\t\n\t\t\t\t\t\t\t\t\t<div class=\"swiper-pagination\"><\/div>\n\t\t\t\t\t\t\t\t\t<\/div>\n\t\t\t\t\t\t<\/div>\n\t\t\t\t<\/div>\n\t\t\t\t\t<\/div>\n\t\t<\/div>\n\t\t\t\t\t<\/div>\n\t\t<\/section>\n\t\t\t\t<\/div>\n\t\t","protected":false},"excerpt":{"rendered":"<p>Vaches nourrices Afin de perfectionner nos engraissements, plus de 1.400 vaches s\u00e9lectionn\u00e9es des races Limousine et m\u00e9langes s\u00e9lectionn\u00e9s paissent dans nos exploitations du centre et du sud de l\u2019Espagne. Anterior Siguiente<\/p>\n","protected":false},"author":1,"featured_media":0,"parent":0,"menu_order":0,"comment_status":"closed","ping_status":"closed","template":"","meta":{"footnotes":""},"_links":{"self":[{"href":"https:\/\/bovisa.es\/fr\/wp-json\/wp\/v2\/pages\/657\/"}],"collection":[{"href":"https:\/\/bovisa.es\/fr\/wp-json\/wp\/v2\/pages\/"}],"about":[{"href":"https:\/\/bovisa.es\/fr\/wp-json\/wp\/v2\/types\/page\/"}],"author":[{"embeddable":true,"href":"https:\/\/bovisa.es\/fr\/wp-json\/wp\/v2\/users\/1\/"}],"replies":[{"embeddable":true,"href":"https:\/\/bovisa.es\/fr\/wp-json\/wp\/v2\/comments\/?post=657"}],"version-history":[{"count":2,"href":"https:\/\/bovisa.es\/fr\/wp-json\/wp\/v2\/pages\/657\/revisions\/"}],"predecessor-version":[{"id":729,"href":"https:\/\/bovisa.es\/fr\/wp-json\/wp\/v2\/pages\/657\/revisions\/729\/"}],"wp:attachment":[{"href":"https:\/\/bovisa.es\/fr\/wp-json\/wp\/v2\/media\/?parent=657"}],"curies":[{"name":"wp","href":"https:\/\/api.w.org\/{rel}","templated":true}]}}