{"id":346,"date":"2019-11-06T11:51:43","date_gmt":"2019-11-06T11:51:43","guid":{"rendered":"https:\/\/bovisa.es\/politique-de-cookies\/"},"modified":"2019-11-06T11:51:44","modified_gmt":"2019-11-06T11:51:44","slug":"politique-de-cookies","status":"publish","type":"page","link":"https:\/\/bovisa.es\/fr\/politique-de-cookies\/","title":{"rendered":"Politique de cookies"},"content":{"rendered":"\t\t<div data-elementor-type=\"wp-page\" data-elementor-id=\"346\" class=\"elementor elementor-346\">\n\t\t\t\t\t\t<section class=\"elementor-section elementor-top-section elementor-element elementor-element-f4c9b01 elementor-section-boxed elementor-section-height-default elementor-section-height-default\" data-id=\"f4c9b01\" data-element_type=\"section\" data-e-type=\"section\">\n\t\t\t\t\t\t<div class=\"elementor-container elementor-column-gap-default\">\n\t\t\t\t\t<div class=\"elementor-column elementor-col-100 elementor-top-column elementor-element elementor-element-fa67013\" data-id=\"fa67013\" data-element_type=\"column\" data-e-type=\"column\">\n\t\t\t<div class=\"elementor-widget-wrap elementor-element-populated\">\n\t\t\t\t\t\t<div class=\"elementor-element elementor-element-d428a1b elementor-widget elementor-widget-text-editor\" data-id=\"d428a1b\" data-element_type=\"widget\" data-e-type=\"widget\" data-widget_type=\"text-editor.default\">\n\t\t\t\t<div class=\"elementor-widget-container\">\n\t\t\t\t\t\t\t\t\t<div><b>Qui sommes nous<\/b><\/div>\n<div>L&rsquo;adresse de notre site Web est la suivante: https:\/\/bovisa.es<\/div>\n<div><b>Quelles donn\u00e9es personnelles nous recueillons et par<\/b><\/div>\n<div><b>qu&rsquo;est-ce qu&rsquo;on les ramasse<\/b><\/div>\n<div><b>Commentaires<\/b><\/div>\n<div>Lorsque les visiteurs laissent des commentaires sur le Web, nous recueillons les donn\u00e9es qui sont<\/div>\n<div>montrer dans le formulaire de commentaire, ainsi que l&rsquo;adresse IP du visiteur<\/div>\n<div>et la cha\u00eene d&rsquo;agent utilisateur du navigateur pour aider \u00e0 d\u00e9tecter<\/div>\n<div>spam<\/div>\n<div>Une cha\u00eene anonyme cr\u00e9\u00e9e \u00e0 partir de votre adresse email<\/div>\n<div>(\u00e9galement appel\u00e9 hash) peut \u00eatre fourni au service Gravatar pour<\/div>\n<div>Voyez si vous l&rsquo;utilisez.\u00a0La politique de confidentialit\u00e9 du service Gravatar est<\/div>\n<div>Disponible ici: https:\/\/automattic.com\/privacy\/.\u00a0Apr\u00e8s l&rsquo;approbation de<\/div>\n<div>votre commentaire, l\u2019image de votre profil est visible par le public dans le contexte de<\/div>\n<div>ton commentaire<\/div>\n<div><b>M\u00e9dias<\/b><\/div>\n<div>Si vous t\u00e9l\u00e9chargez des images sur le Web, \u00e9vitez de les t\u00e9l\u00e9charger avec des donn\u00e9es provenant de<\/div>\n<div>Localisation (GPS EXIF) incluse.\u00a0Les visiteurs Web peuvent t\u00e9l\u00e9charger et<\/div>\n<div>Extrayez les donn\u00e9es de localisation des images Web.<\/div>\n<div><b>Formulaire de contact<\/b><\/div>\n<div>Nous utilisons des cookies pour faciliter l&rsquo;utilisation de notre site web.\u00a0<b>Biscuits<\/b><\/div>\n<div><b>ce sont de petits fichiers d\u2019information qui nous permettent de comparer et de<\/b><\/div>\n<div><b>comprendre comment nos utilisateurs naviguent dans notre<\/b><\/div>\n<div><b>page Web, et ainsi \u00eatre en mesure d&rsquo;am\u00e9liorer constamment la<\/b><\/div>\n<div><b>Proc\u00e9d\u00e9 de navigation<\/b>\u00a0.\u00a0Les cookies que nous utilisons ne stockent pas de donn\u00e9es<\/div>\n<div>tout personnel, ou tout type d&rsquo;informations pouvant vous identifier.\u00a0En cas<\/div>\n<div>Si vous ne souhaitez pas recevoir de cookies, veuillez configurer votre navigateur Internet pour<\/div>\n<div>supprimez-les du disque dur de votre ordinateur, bloquez-les ou pr\u00e9venez-les en cas de<\/div>\n<div>installation d&rsquo;eux.\u00a0Pour continuer sans modifier la configuration du<\/div>\n<div>Cookies, continuez simplement sur le site.\u00a0Vous pouvez obtenir plus<\/div>\n<div>informations sur les cookies et leur utilisation sur www.aboutcookies.org.\u00a0Les types de<\/div>\n<div>Les cookies que nous utilisons:<\/div>\n<div><b>Cookies strictement n\u00e9cessaires:<\/b><\/div>\n<div>Ces cookies sont n\u00e9cessaires pour une utilisation correcte du site, permettant<\/div>\n<div>Acc\u00e8s aux sections dot\u00e9es de filtres de s\u00e9curit\u00e9.\u00a0Sans ces cookies,<\/div>\n<div>Bon nombre des services disponibles ne seraient pas op\u00e9rationnels.<\/div>\n<div><b>Cookies de navigation:<\/b><\/div>\n<div>Ces cookies collectent des informations sur l&rsquo;utilisation que les visites font du Web,<\/div>\n<div>par exemple, pages vues, erreurs de chargement &#8230; Ce sont des informations g\u00e9n\u00e9riques et<\/div>\n<div>anonyme, o\u00f9 les donn\u00e9es personnelles ne sont pas incluses, ni les informations collect\u00e9es qui<\/div>\n<div>identifier les visiteurs;\u00a0l&rsquo;objectif ultime \u00e9tant d&rsquo;am\u00e9liorer les performances<\/div>\n<div>du web.\u00a0En visitant notre site, vous acceptez l&rsquo;installation de ces cookies.<\/div>\n<div>sur votre appareil<\/div>\n<div><b>Cookies fonctionnels:<\/b><\/div>\n<div>Ces cookies vous permettent de m\u00e9moriser des informations (telles que votre nom d&rsquo;utilisateur,<\/div>\n<div>langue ou r\u00e9gion dans laquelle il se trouve) et des caract\u00e9ristiques plus personnelles.\u00a0Pour<\/div>\n<div>Par exemple, la possibilit\u00e9 d\u2019offrir un contenu personnalis\u00e9 bas\u00e9 sur la<\/div>\n<div>informations et crit\u00e8res que vous avez fournis volontairement.\u00a0Ces cookies<\/div>\n<div>ils peuvent \u00e9galement \u00eatre utilis\u00e9s pour se souvenir des modifications apport\u00e9es \u00e0 la taille du<\/div>\n<div>texte, polices et autres parties personnalisables du site Web.\u00a0Aussi<\/div>\n<div>utilis\u00e9 pour offrir certains services demand\u00e9s, tels que regarder une vid\u00e9o ou<\/div>\n<div>commenter sur un blog\u00a0Les informations collect\u00e9es par ces cookies peuvent \u00eatre<\/div>\n<div>anonyme et son activit\u00e9 ne peut pas \u00eatre suivie sur d\u2019autres sites.\u00a0En visitant<\/div>\n<div>Notre site Web, vous acceptez l&rsquo;installation de ces cookies sur votre appareil.<\/div>\n<div><b>Comment g\u00e9rer les cookies dans les navigateurs:<\/b><\/div>\n<div>Si vous souhaitez autoriser l&rsquo;utilisation de cookies sur notre site, suivez les instructions<\/div>\n<div>instructions suivantes.<\/div>\n<div><b>Google Chrome<\/b><\/div>\n<div>1. Lorsque vous ouvrez le navigateur, cliquez sur \u00abOutils\u00bb en haut et sur<\/div>\n<div>s\u00e9lectionnez l&rsquo;onglet \u00ab\u00a0options\u00a0\u00bb.<\/div>\n<div>2. Dans les options, cliquez sur \u00abconfidentialit\u00e9\u00bb.<\/div>\n<div>3. Cochez \u00ab\u00a0autoriser l&rsquo;administration de cookies\u00a0\u00bb.<\/div>\n<div><b>Microsoft Internet Explorer 6.0, 7.0, 8.0, 9.0<\/b><\/div>\n<div>1. Lorsque vous ouvrez le navigateur, cliquez sur \u00abOutils\u00bb en haut et sur<\/div>\n<div>s\u00e9lectionnez l&rsquo;onglet \u00ab\u00a0options\u00a0\u00bb.<\/div>\n<div>2. V\u00e9rifiez l\u2019onglet \u00abConfidentialit\u00e9\u00bb en vous assurant qu\u2019il est configur\u00e9 avec un<\/div>\n<div>niveau de s\u00e9curit\u00e9 moyen ou inf\u00e9rieur.<\/div>\n<div>3. Si la configuration Internet n\u2019est pas moyenne, le<\/div>\n<div>biscuits<\/div>\n<div><b>Mozilla Firefox<\/b><\/div>\n<div>1. Lorsque vous ouvrez le navigateur, cliquez sur \u00abOutils\u00bb en haut et sur<\/div>\n<div>s\u00e9lectionnez l&rsquo;onglet \u00ab\u00a0options\u00a0\u00bb.<\/div>\n<div>2. S\u00e9lectionnez l&rsquo;ic\u00f4ne Confidentialit\u00e9.<\/div>\n<div>3. Cliquez sur les cookies et cochez la case \u00ab\u00a0Autoriser l&rsquo;installation de cookies\u00a0\u00bb.<\/div>\n<div><b>Safari<\/b><\/div>\n<div>1. Lorsque vous ouvrez le navigateur, cliquez sur \u00abOutils\u00bb en haut et sur<\/div>\n<div>s\u00e9lectionnez l&rsquo;onglet \u00ab\u00a0options\u00a0\u00bb.<\/div>\n<div>2. Cliquez sur l&rsquo;onglet \u201cS\u00e9curit\u00e9\u201d et v\u00e9rifiez si l&rsquo;option \u201cVerrouiller le<\/div>\n<div>l&rsquo;acc\u00e8s aux cookies tiers \u00bbest coch\u00e9e ou non.<\/div>\n<div>3. Cliquez sur \u00absauvegarder\u00bb.<\/div>\n<div><b>L&rsquo;installation de cookies sur Mac<\/b><\/div>\n<div>Si vous avez un Mac et souhaitez autoriser l&rsquo;acc\u00e8s \u00e0 nos cookies sur votre<\/div>\n<div>ordinateur, veuillez suivre les instructions ci-dessous:<\/div>\n<div><b>Microsoft Internet Explorer 5.0 sur OSX<\/b><\/div>\n<div>1. Entrez \u00ab\u00a0Explorer\u00a0\u00bb et s\u00e9lectionnez \u00ab\u00a0Pr\u00e9f\u00e9rences\u00a0\u00bb dans la barre d\u2019outils.<\/div>\n<div>navigation<\/div>\n<div>2. Faites d\u00e9filer la liste jusqu&rsquo;\u00e0 ce que vous voyiez \u00abCookies\u00bb juste en dessous des fichiers.<\/div>\n<div>re\u00e7u<\/div>\n<div>3. Marquez \u00ab\u00a0Ne demandez plus.\u00a0\u00bb<\/div>\n<div><b>OSX Safari<\/b><\/div>\n<div>1. Entrez Safari et s\u00e9lectionnez \u00ab\u00a0Pr\u00e9f\u00e9rences\u00a0\u00bb dans la barre de navigation.<\/div>\n<div>2. Cliquez sur l&rsquo;onglet \u00ab\u00a0S\u00e9curit\u00e9\u00a0\u00bb et cochez la case \u00ab\u00a0accepter<\/div>\n<div>cookies \u201d<\/div>\n<div>3. S\u00e9lectionnez l&rsquo;option: \u00ab\u00a0Seulement \u00e0 partir du site actuel que je navigue\u00a0\u00bb<\/div>\n<div><b>Mozilla et Netscape sur OSX<\/b><\/div>\n<div>1. Entrez \u201cMozilla\u201d ou \u201cNetscape\u201d et en haut de votre navigateur,<\/div>\n<div>cocher l&rsquo;option \u00ab\u00a0Pr\u00e9f\u00e9rences\u00a0\u00bb<\/div>\n<div>2. Faites d\u00e9filer la liste jusqu&rsquo;\u00e0 ce que vous voyiez \u00ab\u00a0Cookies\u00a0\u00bb juste en dessous<\/div>\n<div>\u00ab\u00a0Confidentialit\u00e9 et s\u00e9curit\u00e9.\u00a0\u00bb<\/div>\n<div>3. Cochez l&rsquo;option \u201cAutoriser l&rsquo;acc\u00e8s aux cookies uniquement \u00e0 partir du site actuel\u201d<\/div>\n<div><b>Op\u00e9ra<\/b><\/div>\n<div>1. Entrez \u00abOpera\u00bb et s\u00e9lectionnez \u00abMenu\u00bb et \u00abParam\u00e8tres\u00bb dans la barre de menus.<\/div>\n<div>navigation<\/div>\n<div>2. S\u00e9lectionnez \u00abPr\u00e9f\u00e9rences\u00bb et cliquez sur l&rsquo;onglet \u00abAvanc\u00e9\u00bb.<\/div>\n<div>3. Cochez l&rsquo;option \u00ab\u00a0Accepter les cookies\u00a0\u00bb.<\/div>\n<div>Si vous laissez un commentaire sur notre site, vous pouvez choisir d\u2019enregistrer votre nom,<\/div>\n<div>email et adresse web dans les cookies.\u00a0Ceci est pour votre commodit\u00e9,<\/div>\n<div>de sorte que vous ne devez pas remplir vos donn\u00e9es \u00e0 nouveau lorsque vous quittez un autre<\/div>\n<div>commentaire\u00a0Ces cookies dureront un an.<\/div>\n<div>Si vous avez un compte et vous connectez \u00e0 ce site, nous allons installer un cookie temporaire<\/div>\n<div>pour d\u00e9terminer si votre navigateur accepte les cookies.\u00a0Ce cookie ne contient pas de donn\u00e9es<\/div>\n<div>personnel et est supprim\u00e9 \u00e0 la fermeture du navigateur.<\/div>\n<div>Lorsque vous vous connectez, nous allons \u00e9galement installer plusieurs cookies pour enregistrer votre<\/div>\n<div>informations de connexion et vos options d&rsquo;affichage \u00e0 l&rsquo;\u00e9cran.\u00a0Le<\/div>\n<div>les cookies de connexion des deux derniers jours et les cookies d&rsquo;options d&rsquo;\u00e9cran<\/div>\n<div>Ils durent un an.\u00a0Si vous s\u00e9lectionnez \u00abRemember Me\u00bb, votre connexion durera<\/div>\n<div>pendant deux semaines\u00a0Si vous quittez votre compte, les cookies de connexion seront<\/div>\n<div>va \u00e9liminer.<\/div>\n<div>Si vous \u00e9ditez ou publiez un article, un cookie suppl\u00e9mentaire sera stock\u00e9 dans votre<\/div>\n<div>navigateur\u00a0Ce cookie n&rsquo;inclut pas les donn\u00e9es personnelles et indique simplement l&rsquo;ID<\/div>\n<div>de l&rsquo;article que vous venez de modifier.\u00a0Il expire apr\u00e8s 1 jour.<\/div>\n<div><b>Contenu int\u00e9gr\u00e9 provenant d&rsquo;autres sites Web<\/b><\/div>\n<div>Les articles sur ce site peuvent inclure du contenu incorpor\u00e9 (par exemple,<\/div>\n<div>vid\u00e9os, images, articles, etc.).\u00a0Le contenu int\u00e9gr\u00e9 d\u2019autres sites Web est<\/div>\n<div>se comporte exactement de la m\u00eame mani\u00e8re que si le visiteur avait visit\u00e9<\/div>\n<div>L&rsquo;autre web.<\/div>\n<div>Ces sites Web peuvent collecter des donn\u00e9es \u00e0 votre sujet, utiliser des cookies, int\u00e9grer une<\/div>\n<div>suivi suppl\u00e9mentaire par des tiers et contr\u00f4lez votre interaction avec ce contenu<\/div>\n<div>int\u00e9gr\u00e9, y compris le suivi de votre interaction avec le contenu<\/div>\n<div>int\u00e9gr\u00e9 si vous avez un compte et \u00eates connect\u00e9 \u00e0 ce site.<\/div>\n<div><b>Analytique<\/b><\/div>\n<div>Comme la plupart des m\u00e9dias et des pages Web, nous utilisons un outil de<\/div>\n<div>des analyses ex\u00e9cut\u00e9es \u00e0 partir de Google Analytics.<\/div>\n<div><b>Avec qui nous partageons vos donn\u00e9es<\/b><\/div>\n<div>Avec n&rsquo;importe qui, toutes vos donn\u00e9es sont enregistr\u00e9es pour am\u00e9liorer uniquement votre<\/div>\n<div>exp\u00e9rience utilisateur<\/div>\n<div><b>Combien de temps gardons-nous vos donn\u00e9es?<\/b><\/div>\n<div>Si vous laissez un commentaire, le commentaire et ses m\u00e9tadonn\u00e9es sont pr\u00e9serv\u00e9s<\/div>\n<div>ind\u00e9finiment\u00a0C&rsquo;est pour que nous puissions reconna\u00eetre et approuver les commentaires.<\/div>\n<div>successives automatiquement au lieu de les garder dans une file d&rsquo;attente de mod\u00e9ration.<\/div>\n<div>Parmi les utilisateurs qui s&rsquo;inscrivent sur notre site Web (le cas \u00e9ch\u00e9ant), \u00e9galement<\/div>\n<div>Nous stockons les informations personnelles qu&rsquo;ils fournissent dans votre profil d&rsquo;utilisateur.<\/div>\n<div>Tous les utilisateurs peuvent voir, \u00e9diter ou supprimer leurs informations personnelles dans<\/div>\n<div>\u00e0 tout moment (sauf qu&rsquo;ils ne peuvent pas changer votre nom d&rsquo;utilisateur).<\/div>\n<div>Les administrateurs Web peuvent \u00e9galement afficher et modifier ces informations.<\/div>\n<div><b>Quels droits avez-vous sur vos donn\u00e9es<\/b><\/div>\n<div>Si vous avez un compte ou avez laiss\u00e9 des commentaires sur ce site, vous pouvez demander<\/div>\n<div>Recevoir un fichier d&rsquo;exportation des donn\u00e9es personnelles que nous avons \u00e0 votre sujet,<\/div>\n<div>y compris toutes les donn\u00e9es que vous avez fournies.\u00a0Vous pouvez aussi<\/div>\n<div>demander que nous effacions toutes les informations personnelles dont nous disposons sur vous.\u00a0Ce pas<\/div>\n<div>inclut toutes les donn\u00e9es que nous sommes tenus de conserver \u00e0 des fins<\/div>\n<div>Administratif, juridique ou de s\u00e9curit\u00e9.<\/div>\n<div><b>O\u00f9 nous envoyons vos donn\u00e9es<\/b><\/div>\n<div>Les commentaires des visiteurs peuvent \u00eatre examin\u00e9s par un service de contr\u00f4le.<\/div>\n<div>Spam automatique<\/div>\n<div><b>Vos coordonn\u00e9es<\/b><\/div>\n<div>Vous pouvez nous contacter pour toute question sur la confidentialit\u00e9 et les cookies \u00e0 l&rsquo;adresse<\/div>\n<div>email administracion@bovisa.es.<\/div>\n<div><b>Information compl\u00e9mentaire<\/b><\/div>\n<div><b>Comment prot\u00e9geons-nous vos donn\u00e9es?<\/b><\/div>\n<div>Vos donn\u00e9es sont prot\u00e9g\u00e9es dans des bases de donn\u00e9es situ\u00e9es sur des serveurs de grande taille<\/div>\n<div>s\u00e9curit\u00e9 situ\u00e9e en Espagne.<\/div>\n<div><b>Quelles proc\u00e9dures utilisons-nous contre<\/b><\/div>\n<div><b>lacunes dans les donn\u00e9es<\/b><\/div>\n<div>En cas de survenue d&rsquo;un tel incident, nous essaierions de le communiquer au maximum.<\/div>\n<div>possible, \u00e0 condition que nous ayons toutes les informations de contact pertinentes.<\/div>\n<div><b>De quels tiers recevons-nous les donn\u00e9es?<\/b><\/div>\n<div>Pour le moment, nous n&rsquo;achetons ni ne recevons de donn\u00e9es de tiers.\u00a0Tous les<\/div>\n<div>Les donn\u00e9es utilis\u00e9es sont celles de Bovi SA.<\/div>\n<div><b>Quel genre de prise de d\u00e9cision automatis\u00e9e<\/b><\/div>\n<div><b>et \/ ou le profilage que nous faisons avec les donn\u00e9es de<\/b><\/div>\n<div><b>utilisateur<\/b><\/div>\n<div>Envoi de newsletters aux utilisateurs qui ont seulement donn\u00e9 leur consentement<\/div>\n<p>&nbsp;<\/p>\n\t\t\t\t\t\t\t\t<\/div>\n\t\t\t\t<\/div>\n\t\t\t\t\t<\/div>\n\t\t<\/div>\n\t\t\t\t\t<\/div>\n\t\t<\/section>\n\t\t\t\t<\/div>\n\t\t","protected":false},"excerpt":{"rendered":"<p>Qui sommes nous L&rsquo;adresse de notre site Web est la suivante: https:\/\/bovisa.es Quelles donn\u00e9es personnelles nous recueillons et par qu&rsquo;est-ce qu&rsquo;on les ramasse Commentaires Lorsque les visiteurs laissent des commentaires sur le Web, nous recueillons les donn\u00e9es qui sont montrer dans le formulaire de commentaire, ainsi que l&rsquo;adresse IP du visiteur et la cha\u00eene d&rsquo;agent &hellip;<\/p>\n<p class=\"read-more\"> <a class=\"\" href=\"https:\/\/bovisa.es\/fr\/politique-de-cookies\/\"> <span class=\"screen-reader-text\">Politique de cookies<\/span> Lire la suite\u00a0\u00bb<\/a><\/p>\n","protected":false},"author":1,"featured_media":0,"parent":0,"menu_order":0,"comment_status":"closed","ping_status":"closed","template":"","meta":{"footnotes":""},"_links":{"self":[{"href":"https:\/\/bovisa.es\/fr\/wp-json\/wp\/v2\/pages\/346\/"}],"collection":[{"href":"https:\/\/bovisa.es\/fr\/wp-json\/wp\/v2\/pages\/"}],"about":[{"href":"https:\/\/bovisa.es\/fr\/wp-json\/wp\/v2\/types\/page\/"}],"author":[{"embeddable":true,"href":"https:\/\/bovisa.es\/fr\/wp-json\/wp\/v2\/users\/1\/"}],"replies":[{"embeddable":true,"href":"https:\/\/bovisa.es\/fr\/wp-json\/wp\/v2\/comments\/?post=346"}],"version-history":[{"count":1,"href":"https:\/\/bovisa.es\/fr\/wp-json\/wp\/v2\/pages\/346\/revisions\/"}],"predecessor-version":[{"id":347,"href":"https:\/\/bovisa.es\/fr\/wp-json\/wp\/v2\/pages\/346\/revisions\/347\/"}],"wp:attachment":[{"href":"https:\/\/bovisa.es\/fr\/wp-json\/wp\/v2\/media\/?parent=346"}],"curies":[{"name":"wp","href":"https:\/\/api.w.org\/{rel}","templated":true}]}}