{"id":315,"date":"2019-11-06T11:36:05","date_gmt":"2019-11-06T11:36:05","guid":{"rendered":"https:\/\/bovisa.es\/avis-juridique\/"},"modified":"2019-11-06T11:36:05","modified_gmt":"2019-11-06T11:36:05","slug":"avis-juridique","status":"publish","type":"page","link":"https:\/\/bovisa.es\/fr\/avis-juridique\/","title":{"rendered":"Avis Juridique"},"content":{"rendered":"\t\t<div data-elementor-type=\"wp-page\" data-elementor-id=\"315\" class=\"elementor elementor-315\">\n\t\t\t\t\t\t<section class=\"elementor-section elementor-top-section elementor-element elementor-element-7adad62 elementor-section-boxed elementor-section-height-default elementor-section-height-default\" data-id=\"7adad62\" data-element_type=\"section\" data-e-type=\"section\">\n\t\t\t\t\t\t<div class=\"elementor-container elementor-column-gap-default\">\n\t\t\t\t\t<div class=\"elementor-column elementor-col-100 elementor-top-column elementor-element elementor-element-fd8c3d5\" data-id=\"fd8c3d5\" data-element_type=\"column\" data-e-type=\"column\">\n\t\t\t<div class=\"elementor-widget-wrap elementor-element-populated\">\n\t\t\t\t\t\t<div class=\"elementor-element elementor-element-889dc41 elementor-widget elementor-widget-text-editor\" data-id=\"889dc41\" data-element_type=\"widget\" data-e-type=\"widget\" data-widget_type=\"text-editor.default\">\n\t\t\t\t<div class=\"elementor-widget-container\">\n\t\t\t\t\t\t\t\t\t<p>Bovisa, fournie avec NIF \/ CIF A30106066, adresse CALLE TROPEL, 17 Alcantarilla (Murcia), ne peut assumer aucune responsabilit\u00e9 d\u00e9coulant de l&rsquo;utilisation incorrecte, inappropri\u00e9e ou ill\u00e9gale des informations figurant sur le site web de Bovisa (bovisa.es). Dans les limites \u00e9tablies par la loi, Bovisa n\u2019assume aucune responsabilit\u00e9 pour le manque de v\u00e9racit\u00e9, d\u2019int\u00e9grit\u00e9, de mise \u00e0 jour et d\u2019exactitude des donn\u00e9es ou informations contenues dans ses pages Internet. Le contenu et les informations ne lient pas Bovisa et ne constituent en aucun cas des avis, conseils ou avis juridiques, car il s\u2019agit simplement d\u2019un service offert \u00e0 des fins d\u2019information et d\u2019information. Le site Web de Bovisa peut contenir des liens vers des pages tierces que Bovisa ne peut pas contr\u00f4ler. Par cons\u00e9quent, Bovisa ne peut assumer la responsabilit\u00e9 du contenu pouvant appara\u00eetre sur les pages de tiers. Les textes, images, sons, animations, logiciels et autres contenus figurant sur ce site sont la propri\u00e9t\u00e9 exclusive de Bovisa ou de ses conc\u00e9dants de licence. Tout acte de transmission, distribution, cession, reproduction, stockage ou communication publique totale ou partielle doit avoir le consentement expr\u00e8s de Bovisa. De plus, pour acc\u00e9der \u00e0 certains des services offerts par Bovisa via le site Web, vous devez fournir des donn\u00e9es personnelles. Conform\u00e9ment aux dispositions du r\u00e8glement (UE) 2016\/679 du Parlement europ\u00e9en et du Conseil du 27 avril 2016 concernant la protection des personnes physiques \u00e0 l&rsquo;\u00e9gard du traitement des donn\u00e9es \u00e0 caract\u00e8re personnel et de la libre circulation des Ces donn\u00e9es vous informent que, en remplissant ces formulaires, vos donn\u00e9es personnelles seront int\u00e9gr\u00e9es et trait\u00e9es dans les fichiers de Bovisa afin de fournir et d&rsquo;offrir nos services et de vous informer des am\u00e9liorations apport\u00e9es au site. De m\u00eame, nous vous informons de la possibilit\u00e9 que vous exerciez gratuitement les droits d&rsquo;acc\u00e8s, de rectification, annulation et opposition de vos donn\u00e9es personnelles par courrier \u00e9lectronique \u00e0 l&rsquo;adresse administracion@boivsa.es.<\/p>\n\t\t\t\t\t\t\t\t<\/div>\n\t\t\t\t<\/div>\n\t\t\t\t\t<\/div>\n\t\t<\/div>\n\t\t\t\t\t<\/div>\n\t\t<\/section>\n\t\t\t\t<\/div>\n\t\t","protected":false},"excerpt":{"rendered":"<p>Bovisa, fournie avec NIF \/ CIF A30106066, adresse CALLE TROPEL, 17 Alcantarilla (Murcia), ne peut assumer aucune responsabilit\u00e9 d\u00e9coulant de l&rsquo;utilisation incorrecte, inappropri\u00e9e ou ill\u00e9gale des informations figurant sur le site web de Bovisa (bovisa.es). Dans les limites \u00e9tablies par la loi, Bovisa n\u2019assume aucune responsabilit\u00e9 pour le manque de v\u00e9racit\u00e9, d\u2019int\u00e9grit\u00e9, de mise \u00e0 &hellip;<\/p>\n<p class=\"read-more\"> <a class=\"\" href=\"https:\/\/bovisa.es\/fr\/avis-juridique\/\"> <span class=\"screen-reader-text\">Avis Juridique<\/span> Lire la suite\u00a0\u00bb<\/a><\/p>\n","protected":false},"author":1,"featured_media":0,"parent":0,"menu_order":0,"comment_status":"closed","ping_status":"closed","template":"","meta":{"footnotes":""},"_links":{"self":[{"href":"https:\/\/bovisa.es\/fr\/wp-json\/wp\/v2\/pages\/315\/"}],"collection":[{"href":"https:\/\/bovisa.es\/fr\/wp-json\/wp\/v2\/pages\/"}],"about":[{"href":"https:\/\/bovisa.es\/fr\/wp-json\/wp\/v2\/types\/page\/"}],"author":[{"embeddable":true,"href":"https:\/\/bovisa.es\/fr\/wp-json\/wp\/v2\/users\/1\/"}],"replies":[{"embeddable":true,"href":"https:\/\/bovisa.es\/fr\/wp-json\/wp\/v2\/comments\/?post=315"}],"version-history":[{"count":1,"href":"https:\/\/bovisa.es\/fr\/wp-json\/wp\/v2\/pages\/315\/revisions\/"}],"predecessor-version":[{"id":316,"href":"https:\/\/bovisa.es\/fr\/wp-json\/wp\/v2\/pages\/315\/revisions\/316\/"}],"wp:attachment":[{"href":"https:\/\/bovisa.es\/fr\/wp-json\/wp\/v2\/media\/?parent=315"}],"curies":[{"name":"wp","href":"https:\/\/api.w.org\/{rel}","templated":true}]}}