{"id":203,"date":"2019-11-05T17:51:41","date_gmt":"2019-11-05T17:51:41","guid":{"rendered":"https:\/\/bovisa.es\/historie\/"},"modified":"2020-10-29T10:42:33","modified_gmt":"2020-10-29T10:42:33","slug":"historie","status":"publish","type":"page","link":"https:\/\/bovisa.es\/fr\/historie\/","title":{"rendered":"Historie"},"content":{"rendered":"\t\t<div data-elementor-type=\"wp-page\" data-elementor-id=\"203\" class=\"elementor elementor-203\">\n\t\t\t\t\t\t<section class=\"elementor-section elementor-top-section elementor-element elementor-element-5aa35d8 elementor-section-boxed elementor-section-height-default elementor-section-height-default\" data-id=\"5aa35d8\" data-element_type=\"section\" data-e-type=\"section\" data-settings=\"{&quot;background_background&quot;:&quot;classic&quot;}\">\n\t\t\t\t\t\t\t<div class=\"elementor-background-overlay\"><\/div>\n\t\t\t\t\t\t\t<div class=\"elementor-container elementor-column-gap-default\">\n\t\t\t\t\t<div class=\"elementor-column elementor-col-100 elementor-top-column elementor-element elementor-element-6f26993\" data-id=\"6f26993\" data-element_type=\"column\" data-e-type=\"column\">\n\t\t\t<div class=\"elementor-widget-wrap elementor-element-populated\">\n\t\t\t\t\t\t<div class=\"elementor-element elementor-element-b1719ae elementor-widget elementor-widget-heading\" data-id=\"b1719ae\" data-element_type=\"widget\" data-e-type=\"widget\" data-widget_type=\"heading.default\">\n\t\t\t\t<div class=\"elementor-widget-container\">\n\t\t\t\t\t<h2 class=\"elementor-heading-title elementor-size-default\">Historie<\/h2>\t\t\t\t<\/div>\n\t\t\t\t<\/div>\n\t\t\t\t<div class=\"elementor-element elementor-element-03b00c3 elementor-widget elementor-widget-text-editor\" data-id=\"03b00c3\" data-element_type=\"widget\" data-e-type=\"widget\" data-widget_type=\"text-editor.default\">\n\t\t\t\t<div class=\"elementor-widget-container\">\n\t\t\t\t\t\t\t\t\t<p>Bovi, S.A. est une entreprise familiale constitu\u00e9e comme entreprise en 1986, ayant le si\u00e8ge \u00e0 Alcantarilla (Murcia), par M. Jos\u00e9 Hern\u00e1ndez P\u00e9rez, connu comme PEPE SEBASTI\u00c1N et M. Sebasti\u00e1n Hern\u00e1ndez Gonz\u00e1lez, 3\u00e8me et 4\u00e8me g\u00e9n\u00e9ration de marchands de bestiaux.<\/p><p>Nos origines dans le marchandage nous m\u00e8nent jusqu\u2019\u00e0 la fin du XIX si\u00e8cle, quand M. Jos\u00e9 Hern\u00e1ndez Almela \u201cPepe el de la Morena\u201d a commenc\u00e9 le marchandage de mulets destin\u00e9s aux travaux des champs et \u00e0 viande. Son fils M. Sebasti\u00e1n Hern\u00e1ndez Jara a continu\u00e9 ce travail au d\u00e9but du XX si\u00e8cle, en apprenant le m\u00e9tier \u00e0 son fils M. Jos\u00e9 Hern\u00e1ndez P\u00e9rez.<\/p><p>Avec l\u2019apparition des tracteurs dans la champagne, ce qui a facilit\u00e9 le travail du sol et a am\u00e9lior\u00e9 l\u2019activit\u00e9 agraire, il s\u2019est produit un exc\u00e9dent de mulets qui a \u00e9t\u00e9 destin\u00e9 \u00e0 viande. M. Jos\u00e9 Hern\u00e1ndez P\u00e9rez a bien compris la situation et a commenc\u00e9 l\u2019exportation en France de ces mulets pour leur abattage.<\/p><p>Comme cons\u00e9quence des contacts \u00e9tablis en France gr\u00e2ce au commerce avec les mulets et au besoin d\u2019agrandir le marchandage de bestiaux \u00e0 d\u2019autres esp\u00e8ces \u00e0 viande, PEPE SEBASTI\u00c1N a su voir son profit dans le b\u00e9tail bovin, car l\u2019Espagne, d\u00e9ficitaire \u00e0 ce moment-l\u00e0 en production de bovins, acceptait tr\u00e8s bien les b\u00eates import\u00e9es de la France puisqu\u2019elles \u00e9taient meilleures g\u00e9n\u00e9tiquement, ce qui se traduisait en une am\u00e9lioration du rendement de viande.<\/p><p>Cette t\u00e2che a \u00e9t\u00e9 continu\u00e9e par son fils M. Sebasti\u00e1n Hern\u00e1ndez Gonz\u00e1lez, qui a agrandi l\u2019activit\u00e9 au moyen de fermes d\u2019engraissement de veaux, en fournissant les principaux ateliers de d\u00e9coupe du pays et en commen\u00e7ant avec l\u2019exportation de b\u00e9tail \u00e0 de diff\u00e9rents pays europ\u00e9ens.<\/p><p>C\u2019est en 2000 qu\u2019ils se sont int\u00e9ress\u00e9s \u00e0 l\u2019exportation de b\u00e9tail vivant, en centrant leurs objectifs dans le d\u00e9veloppement du march\u00e9 du Moyen Orient dans notre pays et en \u00e9tablissant des rapports commerciaux voie maritime avec le Liban.<\/p><p>Actuellement, M. Sebasti\u00e1n Hern\u00e1ndez Gonz\u00e1lez avec ses fils Jos\u00e9 Hern\u00e1ndez Pacheco et Sebasti\u00e1n Hern\u00e1ndez Pacheco sont la 4\u00e8me g\u00e9n\u00e9ration de marchands, adapt\u00e9s aux temps, avec plus de 6 d\u00e9cennies d\u2019exp\u00e9rience en exportation, des chiffres de 70.000-80.000 veaux par an, pr\u00e9sents dans des pays du Moyen Orient comme\u00a0<strong>l\u2019Alg\u00e9rie, l&rsquo;Arabie Saoudite, l&rsquo;Jordan, l\u2019Egypte, le Liban, la Libye, le Marroc et la Turquie<\/strong>, consolid\u00e9s dans le march\u00e9 Bovin et impliqu\u00e9s dans le march\u00e9 Ovin.<\/p>\t\t\t\t\t\t\t\t<\/div>\n\t\t\t\t<\/div>\n\t\t\t\t\t<\/div>\n\t\t<\/div>\n\t\t\t\t\t<\/div>\n\t\t<\/section>\n\t\t\t\t<\/div>\n\t\t","protected":false},"excerpt":{"rendered":"<p>Historie Bovi, S.A. est une entreprise familiale constitu\u00e9e comme entreprise en 1986, ayant le si\u00e8ge \u00e0 Alcantarilla (Murcia), par M. Jos\u00e9 Hern\u00e1ndez P\u00e9rez, connu comme PEPE SEBASTI\u00c1N et M. Sebasti\u00e1n Hern\u00e1ndez Gonz\u00e1lez, 3\u00e8me et 4\u00e8me g\u00e9n\u00e9ration de marchands de bestiaux. Nos origines dans le marchandage nous m\u00e8nent jusqu\u2019\u00e0 la fin du XIX si\u00e8cle, quand M. &hellip;<\/p>\n<p class=\"read-more\"> <a class=\"\" href=\"https:\/\/bovisa.es\/fr\/historie\/\"> <span class=\"screen-reader-text\">Historie<\/span> Lire la suite\u00a0\u00bb<\/a><\/p>\n","protected":false},"author":1,"featured_media":0,"parent":0,"menu_order":0,"comment_status":"closed","ping_status":"closed","template":"","meta":{"footnotes":""},"_links":{"self":[{"href":"https:\/\/bovisa.es\/fr\/wp-json\/wp\/v2\/pages\/203\/"}],"collection":[{"href":"https:\/\/bovisa.es\/fr\/wp-json\/wp\/v2\/pages\/"}],"about":[{"href":"https:\/\/bovisa.es\/fr\/wp-json\/wp\/v2\/types\/page\/"}],"author":[{"embeddable":true,"href":"https:\/\/bovisa.es\/fr\/wp-json\/wp\/v2\/users\/1\/"}],"replies":[{"embeddable":true,"href":"https:\/\/bovisa.es\/fr\/wp-json\/wp\/v2\/comments\/?post=203"}],"version-history":[{"count":10,"href":"https:\/\/bovisa.es\/fr\/wp-json\/wp\/v2\/pages\/203\/revisions\/"}],"predecessor-version":[{"id":744,"href":"https:\/\/bovisa.es\/fr\/wp-json\/wp\/v2\/pages\/203\/revisions\/744\/"}],"wp:attachment":[{"href":"https:\/\/bovisa.es\/fr\/wp-json\/wp\/v2\/media\/?parent=203"}],"curies":[{"name":"wp","href":"https:\/\/api.w.org\/{rel}","templated":true}]}}