{"id":202,"date":"2019-11-05T17:50:34","date_gmt":"2019-11-05T17:50:34","guid":{"rendered":"https:\/\/bovisa.es\/history\/"},"modified":"2020-10-29T10:40:06","modified_gmt":"2020-10-29T10:40:06","slug":"history","status":"publish","type":"page","link":"https:\/\/bovisa.es\/en\/history\/","title":{"rendered":"History"},"content":{"rendered":"\t\t<div data-elementor-type=\"wp-page\" data-elementor-id=\"202\" class=\"elementor elementor-202\">\n\t\t\t\t\t\t<section class=\"elementor-section elementor-top-section elementor-element elementor-element-5aa35d8 elementor-section-boxed elementor-section-height-default elementor-section-height-default\" data-id=\"5aa35d8\" data-element_type=\"section\" data-e-type=\"section\" data-settings=\"{&quot;background_background&quot;:&quot;classic&quot;}\">\n\t\t\t\t\t\t\t<div class=\"elementor-background-overlay\"><\/div>\n\t\t\t\t\t\t\t<div class=\"elementor-container elementor-column-gap-default\">\n\t\t\t\t\t<div class=\"elementor-column elementor-col-100 elementor-top-column elementor-element elementor-element-6f26993\" data-id=\"6f26993\" data-element_type=\"column\" data-e-type=\"column\">\n\t\t\t<div class=\"elementor-widget-wrap elementor-element-populated\">\n\t\t\t\t\t\t<div class=\"elementor-element elementor-element-b1719ae elementor-widget elementor-widget-heading\" data-id=\"b1719ae\" data-element_type=\"widget\" data-e-type=\"widget\" data-widget_type=\"heading.default\">\n\t\t\t\t<div class=\"elementor-widget-container\">\n\t\t\t\t\t<h2 class=\"elementor-heading-title elementor-size-default\">History<\/h2>\t\t\t\t<\/div>\n\t\t\t\t<\/div>\n\t\t\t\t<div class=\"elementor-element elementor-element-03b00c3 elementor-widget elementor-widget-text-editor\" data-id=\"03b00c3\" data-element_type=\"widget\" data-e-type=\"widget\" data-widget_type=\"text-editor.default\">\n\t\t\t\t<div class=\"elementor-widget-container\">\n\t\t\t\t\t\t\t\t\t<p>Bovi, S.A. is a family business that was started in 1986 by Mr. Jos\u00e9 Hern\u00e1ndez P\u00e9rez, also known as PEPE SEBASTI\u00c1N, and Mr. Sebasti\u00e1n Hern\u00e1ndez Gonz\u00e1lez, the 3rd &amp; 4th generation of a cattle dealer family. The business seat is in Alcantarilla (MURCIA).<\/p>\n<p>Our origins come from the late years of the 19th century, when Mr. Jos\u00e9 Hern\u00e1ndez Almela, \u201cPepe el de la Morena\u201d, started dealing in mules, both for work and meat animals. His son, Mr. Sebasti\u00e1n Hern\u00e1ndez Jara, continued in early 20th century, teaching the job to his son, Mr. Jos\u00e9 Hern\u00e1ndez P\u00e9rez.<\/p>\n<p>When tractors appeared, they made land work easier and improved the activity, but then mules became redundant and they ended as meat production. Mr. Jos\u00e9 Hern\u00e1ndez P\u00e9rez understood well the business and he started exporting animals to France to be slaughtered.<\/p>\n<p>Thanks to his mule-trading contacts in France and as he needed to start dealing with other meat animals, PEPE SEBASTI\u00c1N saw that the new business was in cow livestock, because Spain, already lacking livestock, welcome the cattle imported from France, which were genetically better animals and this translated in a better beef production.<\/p>\n<p>The business was continued by his son Mr. Sebasti\u00e1n Hern\u00e1ndez Gonz\u00e1lez, and they extended the activity to fattening calves, supplying the main slaughterhouses in the country and starting exportation to several European countries.<\/p>\n<p>It was in 2000 when they turned to export live cattle, and aimed to develop the Middle East market in our country, and opened maritime relations with Lebanon.<\/p>\n<p>Nowadays, Mr. Sebasti\u00e1n Hern\u00e1ndez Gonz\u00e1lez and his sons, Jos\u00e9 Hern\u00e1ndez Pacheco &amp; Sebasti\u00e1n Hern\u00e1ndez Pacheco, are the 4th &amp; 5th generations, adapted to modern times, with more than 6 decades of exporting experience, with around 70000-80000 calves per year. They are present in Middle East countries such as <strong>Algeria, Egypt, Jordan, Libya, Lebanon, Morocco, Saudi Arabia and Turkey<\/strong>, well consolidated in Cow livestock and starting in Sheep livestock.<\/p>\n\t\t\t\t\t\t\t\t<\/div>\n\t\t\t\t<\/div>\n\t\t\t\t\t<\/div>\n\t\t<\/div>\n\t\t\t\t\t<\/div>\n\t\t<\/section>\n\t\t\t\t<\/div>\n\t\t","protected":false},"excerpt":{"rendered":"<p>History Bovi, S.A. is a family business that was started in 1986 by Mr. Jos\u00e9 Hern\u00e1ndez P\u00e9rez, also known as PEPE SEBASTI\u00c1N, and Mr. Sebasti\u00e1n Hern\u00e1ndez Gonz\u00e1lez, the 3rd &amp; 4th generation of a cattle dealer family. The business seat is in Alcantarilla (MURCIA). Our origins come from the late years of the 19th century, &hellip;<\/p>\n<p class=\"read-more\"> <a class=\"\" href=\"https:\/\/bovisa.es\/en\/history\/\"> <span class=\"screen-reader-text\">History<\/span> Read More &raquo;<\/a><\/p>\n","protected":false},"author":1,"featured_media":0,"parent":0,"menu_order":0,"comment_status":"closed","ping_status":"closed","template":"","meta":{"footnotes":""},"_links":{"self":[{"href":"https:\/\/bovisa.es\/en\/wp-json\/wp\/v2\/pages\/202\/"}],"collection":[{"href":"https:\/\/bovisa.es\/en\/wp-json\/wp\/v2\/pages\/"}],"about":[{"href":"https:\/\/bovisa.es\/en\/wp-json\/wp\/v2\/types\/page\/"}],"author":[{"embeddable":true,"href":"https:\/\/bovisa.es\/en\/wp-json\/wp\/v2\/users\/1\/"}],"replies":[{"embeddable":true,"href":"https:\/\/bovisa.es\/en\/wp-json\/wp\/v2\/comments\/?post=202"}],"version-history":[{"count":10,"href":"https:\/\/bovisa.es\/en\/wp-json\/wp\/v2\/pages\/202\/revisions\/"}],"predecessor-version":[{"id":743,"href":"https:\/\/bovisa.es\/en\/wp-json\/wp\/v2\/pages\/202\/revisions\/743\/"}],"wp:attachment":[{"href":"https:\/\/bovisa.es\/en\/wp-json\/wp\/v2\/media\/?parent=202"}],"curies":[{"name":"wp","href":"https:\/\/api.w.org\/{rel}","templated":true}]}}